{"id":6,"date":"2022-07-19T12:10:38","date_gmt":"2022-07-19T12:10:38","guid":{"rendered":"https:\/\/demo.iisalmentilipalvelu.fi\/?page_id=6"},"modified":"2026-01-14T10:22:08","modified_gmt":"2026-01-14T10:22:08","slug":"iisalmen-tilipalvelu","status":"publish","type":"page","link":"https:\/\/iisalmentilipalvelu.fi\/","title":{"rendered":"Etusivu"},"content":{"rendered":"\n<figure class=\"wp-block-image size-full\"><img loading=\"lazy\" decoding=\"async\" width=\"2560\" height=\"512\" src=\"https:\/\/iisalmentilipalvelu.fi\/wp-content\/uploads\/2022\/08\/Kuvabanneri-2000x400-px-8-22-1-scaled.jpg\" alt=\"\" class=\"wp-image-84\" srcset=\"https:\/\/iisalmentilipalvelu.fi\/wp-content\/uploads\/2022\/08\/Kuvabanneri-2000x400-px-8-22-1-scaled.jpg 2560w, https:\/\/iisalmentilipalvelu.fi\/wp-content\/uploads\/2022\/08\/Kuvabanneri-2000x400-px-8-22-1-300x60.jpg 300w, https:\/\/iisalmentilipalvelu.fi\/wp-content\/uploads\/2022\/08\/Kuvabanneri-2000x400-px-8-22-1-1024x205.jpg 1024w, https:\/\/iisalmentilipalvelu.fi\/wp-content\/uploads\/2022\/08\/Kuvabanneri-2000x400-px-8-22-1-768x154.jpg 768w, https:\/\/iisalmentilipalvelu.fi\/wp-content\/uploads\/2022\/08\/Kuvabanneri-2000x400-px-8-22-1-1536x307.jpg 1536w, https:\/\/iisalmentilipalvelu.fi\/wp-content\/uploads\/2022\/08\/Kuvabanneri-2000x400-px-8-22-1-2048x409.jpg 2048w\" sizes=\"auto, (max-width: 2560px) 100vw, 2560px\" \/><\/figure>\n\n\n\n<p><\/p>\n\n\n\n<p class=\"has-text-color has-medium-font-size\" style=\"color:#38772c\"><strong>Osaava kumppani taloushallinnon palveluissa!<\/strong><\/p>\n\n\n\n<p id=\"u1755-2\"><strong>Iisalmen Tilipalvelu Oy<\/strong> tuottaa laadukkaita ja ammattitaitoisia taloushallinnon palveluita pienille ja keskisuurille yrityksille s\u00e4hk\u00f6isesti tai perinteisen\u00e4 paperikirjanpitona. Pieni, helposti tavoitettava kolmen ammattilaisen tiimi kuuntelee herk\u00e4ll\u00e4 korvalla taloushallinnon tarpeitasi.<\/p>\n\n\n\n<p id=\"u1755-10\">Taloushallinto voidaan toteuttaa Iisalmen Tilipalvelun taloushallinto-ohjelmistoilla Lemonsoft, Procountor tai asiakkaan omissa tiloissa ja ohjelmistoilla. <strong>R\u00e4\u00e4t\u00e4l\u00f6imme  juuri sinun yrityksesi tarpeisiin sopivan taloushallinnon ratkaisun.<\/strong><\/p>\n\n\n\n<p id=\"u1755-14\"><strong>Iisalmen Tilipalvelun<\/strong> yritt\u00e4j\u00e4n\u00e4 toimii taloushallintoalan ammattilainen Kirsi S\u00e4is\u00e4. H\u00e4nell\u00e4 on 30 vuoden kokemus erilaisista taloushallintoalan teht\u00e4vist\u00e4 tilitoimistossa sek\u00e4 yksityissektorilla. Tutuksi vuosien aikana on tullut l\u00e4hes kaikki toiminimen kirjanpidosta kansainv\u00e4lisen konsernin taloushallintoon.<\/p>\n\n\n\n<p id=\"u1755-19\"><strong>Valitse joustava ja luotettava Iisalmen Tilipalvelu, niin yrityksell\u00e4si j\u00e4\u00e4 aikaa keskitty\u00e4 olennaiseen. <\/strong><\/p>\n\n\n\n<p id=\"u1755-19\"><\/p>\n\n\n\n<figure class=\"wp-block-image size-large\"><img loading=\"lazy\" decoding=\"async\" width=\"1024\" height=\"256\" src=\"https:\/\/iisalmentilipalvelu.fi\/wp-content\/uploads\/2026\/01\/Kirsi-ja-logot-etusivulle-1-26-1-1024x256.png\" alt=\"\" class=\"wp-image-202\" srcset=\"https:\/\/iisalmentilipalvelu.fi\/wp-content\/uploads\/2026\/01\/Kirsi-ja-logot-etusivulle-1-26-1-1024x256.png 1024w, https:\/\/iisalmentilipalvelu.fi\/wp-content\/uploads\/2026\/01\/Kirsi-ja-logot-etusivulle-1-26-1-300x75.png 300w, https:\/\/iisalmentilipalvelu.fi\/wp-content\/uploads\/2026\/01\/Kirsi-ja-logot-etusivulle-1-26-1-768x192.png 768w, https:\/\/iisalmentilipalvelu.fi\/wp-content\/uploads\/2026\/01\/Kirsi-ja-logot-etusivulle-1-26-1-1536x384.png 1536w, https:\/\/iisalmentilipalvelu.fi\/wp-content\/uploads\/2026\/01\/Kirsi-ja-logot-etusivulle-1-26-1-2048x512.png 2048w\" sizes=\"auto, (max-width: 1024px) 100vw, 1024px\" \/><\/figure>\n\n\n\n<h4 class=\"wp-block-heading\">Ota yhteytt\u00e4 ja kysy tarjousta.<\/h4>\n\n\n\n<div class=\"wp-block-group is-nowrap is-layout-flex wp-container-core-group-is-layout-ad2f72ca wp-block-group-is-layout-flex\">\n<figure class=\"wp-block-image size-thumbnail is-resized\"><a href=\"https:\/\/www.facebook.com\/search\/top?q=iisalmen%20tilipalvelu%20oy\"><img loading=\"lazy\" decoding=\"async\" width=\"150\" height=\"150\" src=\"https:\/\/iisalmentilipalvelu.fi\/wp-content\/uploads\/2022\/08\/Facebook_logo-300-px-150-150x150.jpg\" alt=\"\" class=\"wp-image-187\" style=\"width:32px;height:32px\" srcset=\"https:\/\/iisalmentilipalvelu.fi\/wp-content\/uploads\/2022\/08\/Facebook_logo-300-px-150-150x150.jpg 150w, https:\/\/iisalmentilipalvelu.fi\/wp-content\/uploads\/2022\/08\/Facebook_logo-300-px-150.jpg 300w\" sizes=\"auto, (max-width: 150px) 100vw, 150px\" \/><\/a><\/figure>\n\n\n\n<figure class=\"wp-block-image size-thumbnail is-resized\"><a href=\"https:\/\/www.instagram.com\/iisalmentilipalvelu\/\"><img loading=\"lazy\" decoding=\"async\" width=\"150\" height=\"150\" src=\"https:\/\/iisalmentilipalvelu.fi\/wp-content\/uploads\/2022\/08\/instagram-va\u0308ri-150x150.jpg\" alt=\"\" class=\"wp-image-188\" style=\"width:33px;height:33px\"\/><\/a><\/figure>\n<\/div>\n","protected":false},"excerpt":{"rendered":"<p>Osaava kumppani taloushallinnon palveluissa! Iisalmen Tilipalvelu Oy tuottaa laadukkaita ja ammattitaitoisia taloushallinnon palveluita pienille ja keskisuurille yrityksille s\u00e4hk\u00f6isesti tai perinteisen\u00e4 paperikirjanpitona. Pieni, helposti tavoitettava kolmen ammattilaisen tiimi kuuntelee herk\u00e4ll\u00e4 korvalla taloushallinnon tarpeitasi. Taloushallinto voidaan toteuttaa Iisalmen Tilipalvelun taloushallinto-ohjelmistoilla Lemonsoft, Procountor tai asiakkaan omissa tiloissa ja ohjelmistoilla. R\u00e4\u00e4t\u00e4l\u00f6imme juuri sinun yrityksesi tarpeisiin sopivan taloushallinnon ratkaisun. Iisalmen [&hellip;]<\/p>\n","protected":false},"author":1,"featured_media":0,"parent":0,"menu_order":0,"comment_status":"closed","ping_status":"closed","template":"template-full-width.php","meta":{"footnotes":""},"class_list":["post-6","page","type-page","status-publish","hentry"],"yoast_head":"<!-- This site is optimized with the Yoast SEO plugin v27.0 - https:\/\/yoast.com\/product\/yoast-seo-wordpress\/ -->\n<title>Etusivu -<\/title>\n<meta name=\"robots\" content=\"noindex, follow, max-snippet:-1, max-image-preview:large, max-video-preview:-1\" \/>\n<meta property=\"og:locale\" content=\"fi_FI\" \/>\n<meta property=\"og:type\" content=\"article\" \/>\n<meta property=\"og:title\" content=\"Etusivu -\" \/>\n<meta property=\"og:description\" content=\"Osaava kumppani taloushallinnon palveluissa! Iisalmen Tilipalvelu Oy tuottaa laadukkaita ja ammattitaitoisia taloushallinnon palveluita pienille ja keskisuurille yrityksille s\u00e4hk\u00f6isesti tai perinteisen\u00e4 paperikirjanpitona. Pieni, helposti tavoitettava kolmen ammattilaisen tiimi kuuntelee herk\u00e4ll\u00e4 korvalla taloushallinnon tarpeitasi. Taloushallinto voidaan toteuttaa Iisalmen Tilipalvelun taloushallinto-ohjelmistoilla Lemonsoft, Procountor tai asiakkaan omissa tiloissa ja ohjelmistoilla. R\u00e4\u00e4t\u00e4l\u00f6imme juuri sinun yrityksesi tarpeisiin sopivan taloushallinnon ratkaisun. Iisalmen [&hellip;]\" \/>\n<meta property=\"og:url\" content=\"https:\/\/iisalmentilipalvelu.fi\/\" \/>\n<meta property=\"article:modified_time\" content=\"2026-01-14T10:22:08+00:00\" \/>\n<meta property=\"og:image\" content=\"https:\/\/iisalmentilipalvelu.fi\/wp-content\/uploads\/2022\/08\/Kuvabanneri-2000x400-px-8-22-1-scaled.jpg\" \/>\n\t<meta property=\"og:image:width\" content=\"2560\" \/>\n\t<meta property=\"og:image:height\" content=\"512\" \/>\n\t<meta property=\"og:image:type\" content=\"image\/jpeg\" \/>\n<meta name=\"twitter:card\" content=\"summary_large_image\" \/>\n<script type=\"application\/ld+json\" class=\"yoast-schema-graph\">{\"@context\":\"https:\/\/schema.org\",\"@graph\":[{\"@type\":\"WebPage\",\"@id\":\"https:\/\/iisalmentilipalvelu.fi\/\",\"url\":\"https:\/\/iisalmentilipalvelu.fi\/\",\"name\":\"Etusivu -\",\"isPartOf\":{\"@id\":\"https:\/\/iisalmentilipalvelu.fi\/#website\"},\"primaryImageOfPage\":{\"@id\":\"https:\/\/iisalmentilipalvelu.fi\/#primaryimage\"},\"image\":{\"@id\":\"https:\/\/iisalmentilipalvelu.fi\/#primaryimage\"},\"thumbnailUrl\":\"https:\/\/iisalmentilipalvelu.fi\/wp-content\/uploads\/2022\/08\/Kuvabanneri-2000x400-px-8-22-1-scaled.jpg\",\"datePublished\":\"2022-07-19T12:10:38+00:00\",\"dateModified\":\"2026-01-14T10:22:08+00:00\",\"breadcrumb\":{\"@id\":\"https:\/\/iisalmentilipalvelu.fi\/#breadcrumb\"},\"inLanguage\":\"fi\",\"potentialAction\":[{\"@type\":\"ReadAction\",\"target\":[\"https:\/\/iisalmentilipalvelu.fi\/\"]}]},{\"@type\":\"ImageObject\",\"inLanguage\":\"fi\",\"@id\":\"https:\/\/iisalmentilipalvelu.fi\/#primaryimage\",\"url\":\"https:\/\/iisalmentilipalvelu.fi\/wp-content\/uploads\/2022\/08\/Kuvabanneri-2000x400-px-8-22-1-scaled.jpg\",\"contentUrl\":\"https:\/\/iisalmentilipalvelu.fi\/wp-content\/uploads\/2022\/08\/Kuvabanneri-2000x400-px-8-22-1-scaled.jpg\",\"width\":2560,\"height\":512},{\"@type\":\"BreadcrumbList\",\"@id\":\"https:\/\/iisalmentilipalvelu.fi\/#breadcrumb\",\"itemListElement\":[{\"@type\":\"ListItem\",\"position\":1,\"name\":\"Etusivu\",\"item\":\"https:\/\/iisalmentilipalvelu.fi\/\"},{\"@type\":\"ListItem\",\"position\":2,\"name\":\"Etusivu\"}]},{\"@type\":\"WebSite\",\"@id\":\"https:\/\/iisalmentilipalvelu.fi\/#website\",\"url\":\"https:\/\/iisalmentilipalvelu.fi\/\",\"name\":\"\",\"description\":\"\",\"potentialAction\":[{\"@type\":\"SearchAction\",\"target\":{\"@type\":\"EntryPoint\",\"urlTemplate\":\"https:\/\/iisalmentilipalvelu.fi\/?s={search_term_string}\"},\"query-input\":{\"@type\":\"PropertyValueSpecification\",\"valueRequired\":true,\"valueName\":\"search_term_string\"}}],\"inLanguage\":\"fi\"}]}<\/script>\n<!-- \/ Yoast SEO plugin. -->","yoast_head_json":{"title":"Etusivu -","robots":{"index":"noindex","follow":"follow","max-snippet":"max-snippet:-1","max-image-preview":"max-image-preview:large","max-video-preview":"max-video-preview:-1"},"og_locale":"fi_FI","og_type":"article","og_title":"Etusivu -","og_description":"Osaava kumppani taloushallinnon palveluissa! Iisalmen Tilipalvelu Oy tuottaa laadukkaita ja ammattitaitoisia taloushallinnon palveluita pienille ja keskisuurille yrityksille s\u00e4hk\u00f6isesti tai perinteisen\u00e4 paperikirjanpitona. Pieni, helposti tavoitettava kolmen ammattilaisen tiimi kuuntelee herk\u00e4ll\u00e4 korvalla taloushallinnon tarpeitasi. Taloushallinto voidaan toteuttaa Iisalmen Tilipalvelun taloushallinto-ohjelmistoilla Lemonsoft, Procountor tai asiakkaan omissa tiloissa ja ohjelmistoilla. R\u00e4\u00e4t\u00e4l\u00f6imme juuri sinun yrityksesi tarpeisiin sopivan taloushallinnon ratkaisun. Iisalmen [&hellip;]","og_url":"https:\/\/iisalmentilipalvelu.fi\/","article_modified_time":"2026-01-14T10:22:08+00:00","og_image":[{"width":2560,"height":512,"url":"https:\/\/iisalmentilipalvelu.fi\/wp-content\/uploads\/2022\/08\/Kuvabanneri-2000x400-px-8-22-1-scaled.jpg","type":"image\/jpeg"}],"twitter_card":"summary_large_image","schema":{"@context":"https:\/\/schema.org","@graph":[{"@type":"WebPage","@id":"https:\/\/iisalmentilipalvelu.fi\/","url":"https:\/\/iisalmentilipalvelu.fi\/","name":"Etusivu -","isPartOf":{"@id":"https:\/\/iisalmentilipalvelu.fi\/#website"},"primaryImageOfPage":{"@id":"https:\/\/iisalmentilipalvelu.fi\/#primaryimage"},"image":{"@id":"https:\/\/iisalmentilipalvelu.fi\/#primaryimage"},"thumbnailUrl":"https:\/\/iisalmentilipalvelu.fi\/wp-content\/uploads\/2022\/08\/Kuvabanneri-2000x400-px-8-22-1-scaled.jpg","datePublished":"2022-07-19T12:10:38+00:00","dateModified":"2026-01-14T10:22:08+00:00","breadcrumb":{"@id":"https:\/\/iisalmentilipalvelu.fi\/#breadcrumb"},"inLanguage":"fi","potentialAction":[{"@type":"ReadAction","target":["https:\/\/iisalmentilipalvelu.fi\/"]}]},{"@type":"ImageObject","inLanguage":"fi","@id":"https:\/\/iisalmentilipalvelu.fi\/#primaryimage","url":"https:\/\/iisalmentilipalvelu.fi\/wp-content\/uploads\/2022\/08\/Kuvabanneri-2000x400-px-8-22-1-scaled.jpg","contentUrl":"https:\/\/iisalmentilipalvelu.fi\/wp-content\/uploads\/2022\/08\/Kuvabanneri-2000x400-px-8-22-1-scaled.jpg","width":2560,"height":512},{"@type":"BreadcrumbList","@id":"https:\/\/iisalmentilipalvelu.fi\/#breadcrumb","itemListElement":[{"@type":"ListItem","position":1,"name":"Etusivu","item":"https:\/\/iisalmentilipalvelu.fi\/"},{"@type":"ListItem","position":2,"name":"Etusivu"}]},{"@type":"WebSite","@id":"https:\/\/iisalmentilipalvelu.fi\/#website","url":"https:\/\/iisalmentilipalvelu.fi\/","name":"","description":"","potentialAction":[{"@type":"SearchAction","target":{"@type":"EntryPoint","urlTemplate":"https:\/\/iisalmentilipalvelu.fi\/?s={search_term_string}"},"query-input":{"@type":"PropertyValueSpecification","valueRequired":true,"valueName":"search_term_string"}}],"inLanguage":"fi"}]}},"_links":{"self":[{"href":"https:\/\/iisalmentilipalvelu.fi\/wp-json\/wp\/v2\/pages\/6","targetHints":{"allow":["GET"]}}],"collection":[{"href":"https:\/\/iisalmentilipalvelu.fi\/wp-json\/wp\/v2\/pages"}],"about":[{"href":"https:\/\/iisalmentilipalvelu.fi\/wp-json\/wp\/v2\/types\/page"}],"author":[{"embeddable":true,"href":"https:\/\/iisalmentilipalvelu.fi\/wp-json\/wp\/v2\/users\/1"}],"replies":[{"embeddable":true,"href":"https:\/\/iisalmentilipalvelu.fi\/wp-json\/wp\/v2\/comments?post=6"}],"version-history":[{"count":32,"href":"https:\/\/iisalmentilipalvelu.fi\/wp-json\/wp\/v2\/pages\/6\/revisions"}],"predecessor-version":[{"id":206,"href":"https:\/\/iisalmentilipalvelu.fi\/wp-json\/wp\/v2\/pages\/6\/revisions\/206"}],"wp:attachment":[{"href":"https:\/\/iisalmentilipalvelu.fi\/wp-json\/wp\/v2\/media?parent=6"}],"curies":[{"name":"wp","href":"https:\/\/api.w.org\/{rel}","templated":true}]}}